{"id":1872,"date":"2021-06-21T07:26:02","date_gmt":"2021-06-21T07:26:02","guid":{"rendered":"https:\/\/lacentrale.sd03.sartoriadigitale.it\/condizioni-generali-di-vendita\/"},"modified":"2021-06-21T08:01:08","modified_gmt":"2021-06-21T08:01:08","slug":"general-terms-of-sale","status":"publish","type":"page","link":"https:\/\/www.centraleagricola.it\/en\/legal\/general-terms-of-sale\/","title":{"rendered":"General terms of sale"},"content":{"rendered":"\t<section class=\"section\" id=\"section_925755247\">\n\t\t<div class=\"bg section-bg fill bg-fill  bg-loaded\" >\n\n\t\t\t\n\t\t\t\n\t\t\t\n\n\t\t<\/div>\n\n\t\t<div class=\"section-content relative\">\n\t\t\t\n<div class=\"row\"  id=\"row-697523127\">\n\n\t<div id=\"col-1765370826\" class=\"col medium-4 small-12 large-4\"  >\n\t\t<div class=\"col-inner\"  >\n\t\t\t\n\t\t\t\n<ul class=\"sidebar-wrapper ul-reset\"><aside id=\"nav_menu-2\" class=\"widget widget_nav_menu\"><div class=\"menu-menu_legal_en-container\"><ul id=\"menu-menu_legal_en\" class=\"menu\"><li id=\"menu-item-1940\" class=\"menu-item menu-item-type-post_type menu-item-object-page menu-item-1940\"><a href=\"https:\/\/www.centraleagricola.it\/en\/legal\/general-terms-of-sale\/\">General terms of sale<\/a><\/li>\n<li id=\"menu-item-1939\" class=\"menu-item menu-item-type-post_type menu-item-object-page menu-item-1939\"><a href=\"https:\/\/www.centraleagricola.it\/en\/legal\/terms-of-payment\/\">Terms of payment<\/a><\/li>\n<li id=\"menu-item-1938\" class=\"menu-item menu-item-type-post_type menu-item-object-page menu-item-1938\"><a href=\"https:\/\/www.centraleagricola.it\/en\/legal\/shipping-and-delivery\/\">Shipping and delivery<\/a><\/li>\n<\/ul><\/div><\/aside><\/ul>\n\t\t<\/div>\n\t\t\t<\/div>\n\n\t\n\n\t<div id=\"col-1987985604\" class=\"col medium-8 small-12 large-8\"  >\n\t\t<div class=\"col-inner\"  >\n\t\t\t\n\t\t\t\n<h3>Condizioni generali di vendita<\/h3>\n\t<div id=\"gap-259129451\" class=\"gap-element clearfix\" style=\"display:block; height:auto;\">\n\t\t\n<style>\n#gap-259129451 {\n  padding-top: 30px;\n}\n<\/style>\n\t<\/div>\n\t\n<h4><span data-text-color=\"primary\">Identit\u00e0 del fornitore<\/span><\/h4>\n<p><strong>Agro Fruit Srl<\/strong><br \/>Via Ponte Cingoli 16 25050 Rodengo Saiano (BS)<br \/>Tel\/fax: +39 030.9936577<br \/>C.F.-P.IVA: 03527300176<\/p>\n<p><b>Indirizzo email del Titolare:<\/b> <a href=\"mailto:agrofruitsrl@agrofruitsrl.it\">agrofruitsrl@agrofruitsrl.it<\/a><\/p>\n<h4><span data-text-color=\"primary\">Area dell\u2019attivit\u00e0 eCommerce<\/span><\/h4>\n<p>L\u2019attivit\u00e0 di e-commerce di <strong>Agro Fruit Srl<\/strong> \u00e8 rivolta a clienti privati su gran parte del territorio nazionale.<br \/><strong>Agro Fruit Srl<\/strong> si riserva il diritto di non effettuare le consegne se la zona del cliente non \u00e8 coperta dal servizio di consegna dedicato ai consumatori privati.<\/p>\n<h4><span data-text-color=\"primary\">Modalit\u00e0 di esecuzione dell\u2019ordine<\/span><\/h4>\n<p>Tutti gli ordini si eseguono online. Un ordine si intende perfezionato non appena il cliente riceve e-mail d\u2019accettazione da parte di <strong>Agro Fruit Srl<\/strong>.<br \/>Il cliente \u00e8 tenuto a fornire un recapito telefonico e, previa telefonata del vettore, a garantire la sua presenza presso l\u2019indirizzo di consegna indicato e nell\u2019intervallo di tempo concordato per il ricevimento della spedizione.<br \/>In caso di assenza del Cliente all\u2019indirizzo comunicato e nell\u2019intervallo di tempo concordato per la consegna dell\u2019ordine, <strong>Agro Fruit Srl<\/strong> si riserva il diritto di richiedere il pagamento dei costi di recupero della consegna prima di procedere al nuovo passaggio.<\/p>\n<h4><span data-text-color=\"primary\">Prezzi dei prodotti e spese di consegna<\/span><\/h4>\n<p>I prezzi di vendita dei prodotti sono quelli esposti nella homepage del sito di e-commerce ed includono l\u2019IVA: i prezzi di vendita non includono le spese di consegna e si riferiscono ad ogni singola unit\u00e0 di vendita del prodotto (cartone da 6 kg netti). La consegna \u00e8 gratuita per ordini di almeno 3 cartoni (18 kg di polpa). Per ordini inferiori a 3 cartoni, le spese di consegna variano in funzione della destinazione.<br \/>Le consegne vengono effettuate dal luned\u00ec al venerd\u00ec, fatta eccezione per le festivit\u00e0 ricadenti nei giorni feriali. I tempi di consegna variano a seconda della destinazione: il tempo di consegna massimo, salve diverse indicazioni del Cliente, \u00e8 stimato in 3 gg lavorativi a decorrere dalla data di spedizione effettiva. La spedizione effettiva avviene, generalmente, il giorno successivo alla contabilizzazione del pagamento.<\/p>\n<h4><span data-text-color=\"primary\">Pagamenti<\/span><\/h4>\n<p>Il pagamento dei prodotti ordinati pu\u00f2 essere effettuato con i seguenti metodi:<\/p>\n<p><u>Satispay<br \/><\/u><u>Paypal<br \/>(<\/u>Questa modalit\u00e0 include CARTE DI CREDITO prepagate e post-pagate, POSTEPAY. Non \u00e8 richiesto l&#8217;account PayPal).<br \/><u>Bonifico bancario anticipato<\/u><\/p>\n<p>Titolare del conto: <strong>Agro Fruit Srl<\/strong><br \/>IBAN: IT00<\/p>\n<p><strong>Si prega di effettuare il bonifico, indicando il numero d\u2019ordine, entro 4 giorni dalla data dell&#8217;ordine; in assenza di riscontro si proceder\u00e0 con l&#8217;annullamento dell&#8217;ordine.<\/strong><\/p>\n<h4><span data-text-color=\"primary\">Fatturazione<\/span><\/h4>\n<p>Il Cliente \u00e8 responsabile dell&#8217;inserimento e della correttezza dei dati di fatturazione e di consegna forniti a <strong>Agro Fruit Srl<\/strong> in fase di registrazione. La fattura sar\u00e0 trasmessa a mezzo posta elettronica.<\/p>\n<h4><span data-text-color=\"primary\">Annullamento<\/span><\/h4>\n<p>L&#8217;annullamento di un ordine sar\u00e0 accettato solo prima della spedizione e la somma corrispondente pagata dal Cliente sar\u00e0 rimborsata tramite Satispay, Paypal o coordinate bancarie comunicate dal Cliente.<\/p>\n<h4><span data-text-color=\"primary\">Recesso<\/span><\/h4>\n<p>Il cliente potr\u00e0 recedere dall\u2019ordine anche in seguito alla spedizione dell\u2019ordine, prima della sua consegna, in ottemperanza a e nei limiti delle norme vigenti.<br \/>Avvenuta la consegna del prodotto, l\u2019utente &#8211; trattandosi di prodotti alimentari e, comunque, deteriorabili &#8211; non potr\u00e0 pi\u00f9 esercitare la facolt\u00e0 di recesso ai sensi dell\u2019art. 59 del D.Lgs. n. 206\/2005 (Codice del Consumo).<\/p>\n<h4><span data-text-color=\"primary\">Controversie<\/span><\/h4>\n<p>Ai sensi dell\u2019art. 33\/2\u00b0 comma, lett. u), del D.Lgs. n. 206\/2005 (Codice del Consumo) per ogni controversia \u00e8 esclusivamente competente il Foro di residenza del Consumatore.<\/p>\n\t\t<\/div>\n\t\t\t<\/div>\n\n\t\n\n<style>\n#row-697523127 > .col > .col-inner {\n  padding: 80px 0px 0px 0px;\n}\n<\/style>\n<\/div>\n\t\t<\/div>\n\n\t\t\n<style>\n#section_925755247 {\n  padding-top: 0px;\n  padding-bottom: 0px;\n}\n<\/style>\n\t<\/section>\n\t\n","protected":false},"excerpt":{"rendered":"","protected":false},"author":1,"featured_media":0,"parent":1882,"menu_order":0,"comment_status":"closed","ping_status":"closed","template":"page-blank.php","meta":[],"_links":{"self":[{"href":"https:\/\/www.centraleagricola.it\/en\/wp-json\/wp\/v2\/pages\/1872"}],"collection":[{"href":"https:\/\/www.centraleagricola.it\/en\/wp-json\/wp\/v2\/pages"}],"about":[{"href":"https:\/\/www.centraleagricola.it\/en\/wp-json\/wp\/v2\/types\/page"}],"author":[{"embeddable":true,"href":"https:\/\/www.centraleagricola.it\/en\/wp-json\/wp\/v2\/users\/1"}],"replies":[{"embeddable":true,"href":"https:\/\/www.centraleagricola.it\/en\/wp-json\/wp\/v2\/comments?post=1872"}],"version-history":[{"count":3,"href":"https:\/\/www.centraleagricola.it\/en\/wp-json\/wp\/v2\/pages\/1872\/revisions"}],"predecessor-version":[{"id":1889,"href":"https:\/\/www.centraleagricola.it\/en\/wp-json\/wp\/v2\/pages\/1872\/revisions\/1889"}],"up":[{"embeddable":true,"href":"https:\/\/www.centraleagricola.it\/en\/wp-json\/wp\/v2\/pages\/1882"}],"wp:attachment":[{"href":"https:\/\/www.centraleagricola.it\/en\/wp-json\/wp\/v2\/media?parent=1872"}],"curies":[{"name":"wp","href":"https:\/\/api.w.org\/{rel}","templated":true}]}}